{"id":770,"date":"2023-04-19T15:38:29","date_gmt":"2023-04-19T13:38:29","guid":{"rendered":"https:\/\/thelunchcompany.es\/politica-de-privacidad\/"},"modified":"2023-05-04T16:01:26","modified_gmt":"2023-05-04T14:01:26","slug":"politica-de-privacidad","status":"publish","type":"page","link":"https:\/\/thelunchcompany.es\/es\/politica-de-privacidad\/","title":{"rendered":"Pol\u00edtica de privacidad"},"content":{"rendered":"\n<h2 class=\"wp-block-heading\">Pol\u00edtica de privacidad<\/h2>\n\n<p><\/p>\n\n<p>Esta pol\u00edtica de privacidad establece la forma en que se van a gestionar los datos personales recogidos en nuestra p\u00e1gina web. Es imprescindible que la lea y acepte antes de enviarnos informaci\u00f3n de cualquier tipo.<\/p>\n\n<p>Esta Pol\u00edtica de Privacidad ha sido revisada por \u00faltima vez el d\u00eda 4 de mayo de 2023.<\/p>\n\n<p><strong>Qui\u00e9n es el Responsable del Tratamiento de sus datos personales<\/strong><\/p>\n\n<ul class=\"wp-block-list\">\n<li>Raz\u00f3n Social: Soluciones Cotemar S.L.<\/li>\n\n\n\n<li>CIF: B42573345<\/li>\n\n\n\n<li>Direcci\u00f3n Postal: Camino de la solana, 26, 03520 Polop (Alicante)<\/li>\n\n\n\n<li>Tel\u00e9fono: 966881129<\/li>\n\n\n\n<li>Correo Electr\u00f3nico: info@casa-interior.com<\/li>\n<\/ul>\n\n<p><strong>Con qu\u00e9 finalidad tratamos sus datos personales<\/strong><\/p>\n\n<p>En Soluciones Cotemar S.L. tratamos la informaci\u00f3n que nos facilitan las personas interesadas con las siguientes finalidades:<\/p>\n\n<ul class=\"wp-block-list\">\n<li>Contacto: Gestionamos el env\u00edo de informaci\u00f3n que a nivel particular y\/o profesional puedas requerir de nosotros.<\/li>\n<\/ul>\n\n<p><strong>Durante cu\u00e1nto tiempo conservaremos sus datos personales<\/strong><\/p>\n\n<p>Los datos personales recogidos en los distintos tratamientos se conservar\u00e1n mientras exista inter\u00e9s mutuo para ello, para mantener el fin de cada tratamiento, y cuando ya no sea necesario para tal fin, se suprimir\u00e1n con medidas de seguridad adecuadas para garantizar la seudonimizaci\u00f3n de los datos o la destrucci\u00f3n total de los mismos. Es posible que en algunos de ellos indiquemos expresamente que el plazo quede ampliado o reducido por raz\u00f3n de la propia naturaleza del tratamiento.<\/p>\n\n<p><strong>Cu\u00e1l es la legitimaci\u00f3n para el tratamiento de sus datos<\/strong><\/p>\n\n<p>La base legal para el tratamiento de sus datos es la obtenci\u00f3n por parte de Soluciones Cotemar S.L., del consentimiento que expresamente se le solicita.<\/p>\n\n<p><strong>A qui\u00e9n se comunicar\u00e1n sus datos<\/strong><\/p>\n\n<p>Sus datos no ser\u00e1n comunicados a ning\u00fan tercero sin informarle previamente y requerir su consentimiento expreso, salvo que exista alguna obligaci\u00f3n legal que debamos cumplir.<\/p>\n\n<p><strong>Qu\u00e9 derechos le asisten como interesado<\/strong><\/p>\n\n<p>Como interesado, le asisten los siguientes derechos:<\/p>\n\n<ul class=\"wp-block-list\">\n<li>Tiene derecho a obtener confirmaci\u00f3n sobre si en Soluciones Cotemar S.L. estamos tratando datos personales que le conciernan, o no.<\/li>\n\n\n\n<li>Tiene derecho a retirar su consentimiento en cualquier momento.<\/li>\n\n\n\n<li>Si es persona interesada tiene derecho a acceder a sus datos personales, as\u00ed como a solicitarnos la rectificaci\u00f3n de los datos inexactos o, en su caso, solicitar su supresi\u00f3n cuando, entre otros motivos, los datos ya no sean necesarios para los fines que fueron recogidos.<\/li>\n\n\n\n<li>En determinadas circunstancias podr\u00e1 solicitar la limitaci\u00f3n del tratamiento de sus datos, en cuyo caso \u00fanicamente los conservaremos para el ejercicio o la defensa de reclamaciones.<\/li>\n\n\n\n<li>En determinadas circunstancias y por motivos relacionados con su situaci\u00f3n particular, podr\u00e1 oponerse al tratamiento de tus datos. Soluciones Cotemar S.L. dejar\u00e1 de tratarlos, salvo por motivos leg\u00edtimos imperiosos, o el ejercicio o la defensa de posibles reclamaciones.<\/li>\n\n\n\n<li>Tiene derecho a presentar una reclamaci\u00f3n si considera que alguno de los tratamientos que efectuamos no se ajustan a la normativa vigente. Para ello, le informamos de en Soluciones Cotemar S.L. contamos con un Responsable de Protecci\u00f3n de Datos que se encarga de velar por el cumplimiento de la normativa vigente, y al que puede dirigirte a trav\u00e9s de los datos de contacto que le facilitamos a continuaci\u00f3n. No obstante, tambi\u00e9n tiene derecho a dirigirse directamente a la Autoridad de Control (en este caso, la Agencia Espa\u00f1ola de Protecci\u00f3n de datos, <a href=\"https:\/\/www.mondragonline.com\/www.agpd.es\">www.agpd.es<\/a>).<\/li>\n<\/ul>\n","protected":false},"excerpt":{"rendered":"<p>Pol\u00edtica de privacidad Esta pol\u00edtica de privacidad establece la forma en que se van a gestionar los datos personales recogidos en nuestra p\u00e1gina web. Es imprescindible que la lea y acepte antes de enviarnos informaci\u00f3n de cualquier tipo. Esta Pol\u00edtica de Privacidad ha sido revisada por \u00faltima vez el d\u00eda 4 de mayo de 2023. [&hellip;]<\/p>\n","protected":false},"author":3,"featured_media":0,"parent":0,"menu_order":0,"comment_status":"closed","ping_status":"closed","template":"page-templates\/pageWitchContainer.php","meta":{"_acf_changed":false,"_genesis_hide_title":false,"_genesis_hide_breadcrumbs":false,"_genesis_hide_singular_image":false,"_genesis_hide_footer_widgets":false,"_genesis_custom_body_class":"","_genesis_custom_post_class":"","_genesis_layout":"","footnotes":""},"class_list":{"0":"post-770","1":"page","2":"type-page","3":"status-publish","5":"entry"},"acf":[],"_links":{"self":[{"href":"https:\/\/thelunchcompany.es\/es\/wp-json\/wp\/v2\/pages\/770","targetHints":{"allow":["GET"]}}],"collection":[{"href":"https:\/\/thelunchcompany.es\/es\/wp-json\/wp\/v2\/pages"}],"about":[{"href":"https:\/\/thelunchcompany.es\/es\/wp-json\/wp\/v2\/types\/page"}],"author":[{"embeddable":true,"href":"https:\/\/thelunchcompany.es\/es\/wp-json\/wp\/v2\/users\/3"}],"replies":[{"embeddable":true,"href":"https:\/\/thelunchcompany.es\/es\/wp-json\/wp\/v2\/comments?post=770"}],"version-history":[{"count":1,"href":"https:\/\/thelunchcompany.es\/es\/wp-json\/wp\/v2\/pages\/770\/revisions"}],"predecessor-version":[{"id":772,"href":"https:\/\/thelunchcompany.es\/es\/wp-json\/wp\/v2\/pages\/770\/revisions\/772"}],"wp:attachment":[{"href":"https:\/\/thelunchcompany.es\/es\/wp-json\/wp\/v2\/media?parent=770"}],"curies":[{"name":"wp","href":"https:\/\/api.w.org\/{rel}","templated":true}]}}