{"id":765,"date":"2023-04-19T15:44:13","date_gmt":"2023-04-19T13:44:13","guid":{"rendered":"https:\/\/thelunchcompany.es\/aviso-legal\/"},"modified":"2023-09-04T09:44:03","modified_gmt":"2023-09-04T07:44:03","slug":"aviso-legal","status":"publish","type":"page","link":"https:\/\/thelunchcompany.es\/es\/aviso-legal\/","title":{"rendered":"Aviso Legal"},"content":{"rendered":"\n<h1 class=\"wp-block-heading\">Aviso Legal<\/h1>\n\n\n\n<p><\/p>\n\n\n\n<p>www.thelunchcompany.com y todo su material pertenecen a la empresa Soluciones Cotemar S.L., con domicilio en Camino de la solana, 26, 03520 Polop (Alicante) y direcci\u00f3n de correo electr\u00f3nico info@casa-interior.com<\/p>\n\n\n\n<p>Soluciones Cotemar S.L. se reserva la facultad de efectuar, en cualquier momento y sin necesidad de previo aviso, modificaciones y actualizaciones sobre la informaci\u00f3n contenida en su web o en su configuraci\u00f3n o presentaci\u00f3n.<\/p>\n\n\n\n<h2 class=\"wp-block-heading\">1. Propiedad Intelectual<\/h2>\n\n\n\n<p>El contenido del Sitio est\u00e1 protegido por derechos de autor, marcas registradas, derechos sobre bases de datos y otros derechos de propiedad intelectual pertenecientes a TheLunchCompany. Podr\u00e1 Vd. buscar y visualizar el contenido del Sitio en una pantalla de ordenador, PDA o un tel\u00e9fono m\u00f3vil, almacenar dicho contenido en formato electr\u00f3nico en un disco (pero no en cualquier servidor u otro dispositivo de almacenamiento conectado a una red) o imprimir una copia de tal contenido para el uso propio, no comercial, por Vd. mismo, siempre y cuando mantenga intactas todas y cada una de las notificaciones sobre copyright y otros derechos protegidos. Aparte de ello, no podr\u00e1 Vd. reproducir, modificar, copiar o distribuir o utilizar, para fines comerciales, cualquier contenido del Sitio o cualesquiera de los materiales del mismo sin previo permiso escrito de TheLunchCompany.<\/p>\n\n\n\n<h2 class=\"wp-block-heading\">2. Limitaciones<\/h2>\n\n\n\n<p>No podr\u00e1 Vd. hacer uso del Sitio para los fines siguientes:<\/p>\n\n\n\n<ul class=\"wp-block-list\">\n<li> Difundir materiales il\u00edcitos, hostigantes, calumniosos, abusivos, amenazantes, nocivos, vulgares, obscenos o, de cualquier otra forma, inaceptables;<\/li>\n\n\n\n<li>Transmitir materiales que fomenten conductas constitutivas de delito, que den lugar a responsabilidad civil o que, de cualquier otra forma, vulneren leyes reglamentos o c\u00f3digos profesionales.<\/li>\n\n\n\n<li>Obtener acceso no autorizado a otros sistemas de ordenador.<\/li>\n\n\n\n<li>Interferir con el uso o el disfrute del Sitio por otra persona.<\/li>\n\n\n\n<li>Incumplir cualesquiera normas legales relativas al uso de redes p\u00fablicas de comunicaciones.<\/li>\n\n\n\n<li>Interferir en redes o en sitios web conectados con el Sitio o interrumpirlos; y realizar, transmitir o almacenar copias electr\u00f3nicas de materiales protegidos por copyright sin permiso del propietario de los mismos.<\/li>\n<\/ul>\n\n\n\n<p>Vd. mantendr\u00e1 a TheLunchCompany indemne de las p\u00e9rdidas, responsabilidades, costes y gastos que hayamos sufrido o en que hayamos incurrido razonablemente, de los da\u00f1os y perjuicios a que hayamos sido condenados por cualquier tribunal de jurisdicci\u00f3n competente y de las liquidaciones y sumas que hayamos satisfecho como resultado de cualquier compromiso que hayamos convenido, dimanante o en raz\u00f3n de:<\/p>\n\n\n\n<ul class=\"wp-block-list\">\n<li>Cualquier reclamaci\u00f3n de terceros de que la utilizaci\u00f3n del sitio por Vd. es difamatoria, ofensiva o abusiva o de naturaleza obscena o pornogr\u00e1fica, o que es ilegal o constitutiva de vulneraci\u00f3n de leyes, reglamentos o c\u00f3digos profesionales aplicables.<\/li>\n\n\n\n<li>Cualquier reclamaci\u00f3n de terceros de que la utilizaci\u00f3n del Sitio por Vd. infringe el copyright u otros derechos de propiedad intelectual de cualquier naturaleza de terceros<\/li>\n<\/ul>\n\n\n\n<h2 class=\"wp-block-heading\">3. Responsabilidad de TheLunchCompany<\/h2>\n\n\n\n<p>TheLunchCompany proporciona el Sitio sin ninguna representaci\u00f3n, declaraci\u00f3n solemne o garant\u00eda. Usted asume todos los riesgos asociados a Internet (incluyendo, sin limitaci\u00f3n, el riesgo de que su ordenador o software puedan infectarse por un virus). En particular, TheLunchCompany declina toda responsabilidad en relaci\u00f3n con lo siguiente:<\/p>\n\n\n\n<ul class=\"wp-block-list\">\n<li>Incompatibilidad del Sitio con cualquiera de sus equipos, software o enlaces de telecomunicaciones; * problemas t\u00e9cnicos, incluidos errores o interrupciones.<\/li>\n\n\n\n<li>Problemas t\u00e9cnicos, incluidos errores o interrupciones en el Sitio.<\/li>\n\n\n\n<li>Inadecuaci\u00f3n del Sitio a sus necesidades.<\/li>\n<\/ul>\n\n\n\n<p>En la m\u00e1xima medida permitida por la legislaci\u00f3n aplicable, usted acepta que TheLunchCompany no ser\u00e1 responsable ante usted ni ante ning\u00fan tercero por ning\u00fan da\u00f1o incidental (que se considerar\u00e1 que incluye, sin limitaci\u00f3n, el lucro cesante, la p\u00e9rdida de beneficios, la p\u00e9rdida de ahorros previstos, el desembolso antiecon\u00f3mico, la p\u00e9rdida de privacidad y la p\u00e9rdida de datos) ni por ning\u00fan otro da\u00f1o indirecto, especial o punitivo de ning\u00fan tipo que surja de o en relaci\u00f3n con el Sitio.<\/p>\n\n\n\n<h2 class=\"wp-block-heading\">4. Sitios Web de Terceros<\/h2>\n\n\n\n<p>Para comodidad de los clientes de TheLunchCompany, el Sitio puede contener enlaces a otros sitios web o materiales que est\u00e1n fuera del control de TheLunchCompany. TheLunchCompany no es responsable del contenido de los sitios web ajenos al Sitio.<\/p>\n\n\n\n<h2 class=\"wp-block-heading\">5. Legislaci\u00f3n aplicable<\/h2>\n\n\n\n<p>Las presentes T\u00e9rminos y Condiciones se regir\u00e1n e interpretar\u00e1n de conformidad con las leyes de Espa\u00f1a.<\/p>\n","protected":false},"excerpt":{"rendered":"<p>Aviso Legal www.thelunchcompany.com y todo su material pertenecen a la empresa Soluciones Cotemar S.L., con domicilio en Camino de la solana, 26, 03520 Polop (Alicante) y direcci\u00f3n de correo electr\u00f3nico info@casa-interior.com Soluciones Cotemar S.L. se reserva la facultad de efectuar, en cualquier momento y sin necesidad de previo aviso, modificaciones y actualizaciones sobre la informaci\u00f3n [&hellip;]<\/p>\n","protected":false},"author":3,"featured_media":0,"parent":0,"menu_order":0,"comment_status":"closed","ping_status":"closed","template":"page-templates\/pageWitchContainer.php","meta":{"_acf_changed":false,"_genesis_hide_title":false,"_genesis_hide_breadcrumbs":false,"_genesis_hide_singular_image":false,"_genesis_hide_footer_widgets":false,"_genesis_custom_body_class":"","_genesis_custom_post_class":"","_genesis_layout":"","footnotes":""},"class_list":{"0":"post-765","1":"page","2":"type-page","3":"status-publish","5":"entry"},"acf":[],"_links":{"self":[{"href":"https:\/\/thelunchcompany.es\/es\/wp-json\/wp\/v2\/pages\/765","targetHints":{"allow":["GET"]}}],"collection":[{"href":"https:\/\/thelunchcompany.es\/es\/wp-json\/wp\/v2\/pages"}],"about":[{"href":"https:\/\/thelunchcompany.es\/es\/wp-json\/wp\/v2\/types\/page"}],"author":[{"embeddable":true,"href":"https:\/\/thelunchcompany.es\/es\/wp-json\/wp\/v2\/users\/3"}],"replies":[{"embeddable":true,"href":"https:\/\/thelunchcompany.es\/es\/wp-json\/wp\/v2\/comments?post=765"}],"version-history":[{"count":4,"href":"https:\/\/thelunchcompany.es\/es\/wp-json\/wp\/v2\/pages\/765\/revisions"}],"predecessor-version":[{"id":1298,"href":"https:\/\/thelunchcompany.es\/es\/wp-json\/wp\/v2\/pages\/765\/revisions\/1298"}],"wp:attachment":[{"href":"https:\/\/thelunchcompany.es\/es\/wp-json\/wp\/v2\/media?parent=765"}],"curies":[{"name":"wp","href":"https:\/\/api.w.org\/{rel}","templated":true}]}}