{"id":762,"date":"2023-04-19T15:28:31","date_gmt":"2023-04-19T13:28:31","guid":{"rendered":"https:\/\/thelunchcompany.es\/menu\/"},"modified":"2025-07-20T09:52:52","modified_gmt":"2025-07-20T07:52:52","slug":"menu","status":"publish","type":"page","link":"https:\/\/thelunchcompany.es\/es\/menu\/","title":{"rendered":"Men\u00fa"},"content":{"rendered":"\n\n\n\r\n<div id=\"MenuType-block_19728f7b0cff92448d30d7ed29936665\" class=\"container-fluid MenuType\">\r\n    <div class=\"container\" style='border-radius:4em 0;background-color:#dfefd7;'>\r\n        <div class=\"row align-items-end\">\r\n            <div class=\"col-12 col-lg-6 order-1 image-inside\"\">\r\n            <img loading=\"lazy\" decoding=\"async\" width=\"933\" height=\"942\" src=\"https:\/\/thelunchcompany.es\/wp-content\/uploads\/2023\/04\/imagen-3@2x.png\" class=\"img-fluid object-fit-cover px-5 pt-5\" alt=\"imagen-3@2x\" longdesc=\"imagen-3@2x https:\/\/thelunchcompany.es\/wp-content\/uploads\/2023\/04\/imagen-3@2x.png\" srcset=\"https:\/\/thelunchcompany.es\/wp-content\/uploads\/2023\/04\/imagen-3@2x.png 933w, https:\/\/thelunchcompany.es\/wp-content\/uploads\/2023\/04\/imagen-3@2x-297x300.png 297w, https:\/\/thelunchcompany.es\/wp-content\/uploads\/2023\/04\/imagen-3@2x-150x150.png 150w, https:\/\/thelunchcompany.es\/wp-content\/uploads\/2023\/04\/imagen-3@2x-768x775.png 768w, https:\/\/thelunchcompany.es\/wp-content\/uploads\/2023\/04\/imagen-3@2x-75x75.png 75w\" sizes=\"auto, (max-width: 933px) 100vw, 933px\" \/>            <\/div>\r\n            <div class=\"col-12 col-lg-6 order-2\"\">\r\n            <div class='MenuContent h-100 d-flex flex-column justify-content-center p-5'><div class='title pb-3' style='color:#187759'><h2>Men\u00fa vegetariano<\/h2><\/div><div class='text' style='color:#1e1515'><p>Estamos encantados de ofrecer un men\u00fa vegetariano, con un 60% de vegetales org\u00e1nicos, que promueve la salud, la sostenibilidad y diversas opciones diet\u00e9ticas para nuestros estudiantes. Elegir una dieta vegetariana tiene numerosos beneficios y creemos que puede impactar positivamente en el bienestar de nuestros estudiantes de las siguientes maneras: <\/p>\n<ul>\n<li>Nutrici\u00f3n Equilibrada<\/li>\n<li>Sostenibilidad del medio ambiente<\/li>\n<li>Exploraci\u00f3n cultural y culinaria<\/li>\n<\/ul>\n<\/div><\/div>            <\/div>\r\n        <\/div>\r\n    <\/div>\r\n<\/div>\r\n\r\n\r\n\n\n\r\n<div id=\"MenuType-block_63cbfdbaa90af7ab2cf0d5012beaac76\" class=\"container-fluid MenuType\">\r\n    <div class=\"container\" style='border-radius:0 4em;background-color:#fae5d1;'>\r\n        <div class=\"row align-items-end\">\r\n            <div class=\"col-12 col-lg-6 order-2 image-inside\"\">\r\n            <img loading=\"lazy\" decoding=\"async\" width=\"933\" height=\"942\" src=\"https:\/\/thelunchcompany.es\/wp-content\/uploads\/2023\/04\/imagen-2@2x.png\" class=\"img-fluid object-fit-cover px-5 pt-5\" alt=\"imagen-2@2x\" longdesc=\"imagen-2@2x https:\/\/thelunchcompany.es\/wp-content\/uploads\/2023\/04\/imagen-2@2x.png\" srcset=\"https:\/\/thelunchcompany.es\/wp-content\/uploads\/2023\/04\/imagen-2@2x.png 933w, https:\/\/thelunchcompany.es\/wp-content\/uploads\/2023\/04\/imagen-2@2x-297x300.png 297w, https:\/\/thelunchcompany.es\/wp-content\/uploads\/2023\/04\/imagen-2@2x-150x150.png 150w, https:\/\/thelunchcompany.es\/wp-content\/uploads\/2023\/04\/imagen-2@2x-768x775.png 768w, https:\/\/thelunchcompany.es\/wp-content\/uploads\/2023\/04\/imagen-2@2x-75x75.png 75w\" sizes=\"auto, (max-width: 933px) 100vw, 933px\" \/>            <\/div>\r\n            <div class=\"col-12 col-lg-6 order-1\"\">\r\n            <div class='MenuContent h-100 d-flex flex-column justify-content-center p-5'><div class='title pb-3' style='color:#a84f28'><h2>Opci\u00f3n sin gluten<\/h2><\/div><div class='text' style='color:#1e1515'><p>Entendemos la importancia de satisfacer las necesidades diet\u00e9ticas de todos nuestros estudiantes, incluidos aquellos con sensibilidad al gluten o enfermedad cel\u00edaca. Si su hijo tiene alergias graves al gluten o enfermedad cel\u00edaca, inf\u00f3rmenos para que podamos tomar precauciones adicionales.<\/p>\n<\/div><\/div>            <\/div>\r\n        <\/div>\r\n    <\/div>\r\n<\/div>\r\n\r\n\r\n\n\n\r\n<div id=\"MenuType-block_532c9ac303f064a22fcc52b15e0f1296\" class=\"container-fluid MenuType\">\r\n    <div class=\"container\" style='border-radius:4em 0;background-color:#e7e0eb;'>\r\n        <div class=\"row align-items-end\">\r\n            <div class=\"col-12 col-lg-6 order-1 image-inside\"\">\r\n            <img loading=\"lazy\" decoding=\"async\" width=\"933\" height=\"942\" src=\"https:\/\/thelunchcompany.es\/wp-content\/uploads\/2023\/04\/imagen-1@2x-1.png\" class=\"img-fluid object-fit-cover px-5 pt-5\" alt=\"imagen-1@2x\" longdesc=\"imagen-1@2x https:\/\/thelunchcompany.es\/wp-content\/uploads\/2023\/04\/imagen-1@2x-1.png\" srcset=\"https:\/\/thelunchcompany.es\/wp-content\/uploads\/2023\/04\/imagen-1@2x-1.png 933w, https:\/\/thelunchcompany.es\/wp-content\/uploads\/2023\/04\/imagen-1@2x-1-297x300.png 297w, https:\/\/thelunchcompany.es\/wp-content\/uploads\/2023\/04\/imagen-1@2x-1-150x150.png 150w, https:\/\/thelunchcompany.es\/wp-content\/uploads\/2023\/04\/imagen-1@2x-1-768x775.png 768w, https:\/\/thelunchcompany.es\/wp-content\/uploads\/2023\/04\/imagen-1@2x-1-75x75.png 75w\" sizes=\"auto, (max-width: 933px) 100vw, 933px\" \/>            <\/div>\r\n            <div class=\"col-12 col-lg-6 order-2\"\">\r\n            <div class='MenuContent h-100 d-flex flex-column justify-content-center p-5'><div class='title pb-3' style='color:#764fb5'><h2>Opci\u00f3n sin lactosa<\/h2><\/div><div class='text' style='color:#1e1515'><p>Nos aseguramos de que nuestro personal de cocina est\u00e9 capacitado para manejar con cuidado la preparaci\u00f3n de comidas sin lactosa. Si bien se hace todo lo posible para satisfacer las necesidades diet\u00e9ticas, inf\u00f3rmenos sobre cualquier alergia adicional o requisitos espec\u00edficos que pueda tener su hijo.<\/p>\n<\/div><\/div>            <\/div>\r\n        <\/div>\r\n    <\/div>\r\n<\/div>\r\n\r\n\r\n\n\n\r\n<div id=\"MenuType-block_c58b5fcb66ffef7053c1d95f8502ffb0\" class=\"container-fluid MenuType\">\r\n    <div class=\"container\" style='border-radius:0 4em;background-color:#f9f0d2;'>\r\n        <div class=\"row align-items-end\">\r\n            <div class=\"col-12 col-lg-6 order-2 image-inside\"\">\r\n            <img loading=\"lazy\" decoding=\"async\" width=\"933\" height=\"942\" src=\"https:\/\/thelunchcompany.es\/wp-content\/uploads\/2023\/04\/imagen@2x-3.png\" class=\"img-fluid object-fit-cover px-5 pt-5\" alt=\"imagen@2x\" longdesc=\"imagen@2x https:\/\/thelunchcompany.es\/wp-content\/uploads\/2023\/04\/imagen@2x-3.png\" srcset=\"https:\/\/thelunchcompany.es\/wp-content\/uploads\/2023\/04\/imagen@2x-3.png 933w, https:\/\/thelunchcompany.es\/wp-content\/uploads\/2023\/04\/imagen@2x-3-297x300.png 297w, https:\/\/thelunchcompany.es\/wp-content\/uploads\/2023\/04\/imagen@2x-3-150x150.png 150w, https:\/\/thelunchcompany.es\/wp-content\/uploads\/2023\/04\/imagen@2x-3-768x775.png 768w, https:\/\/thelunchcompany.es\/wp-content\/uploads\/2023\/04\/imagen@2x-3-75x75.png 75w\" sizes=\"auto, (max-width: 933px) 100vw, 933px\" \/>            <\/div>\r\n            <div class=\"col-12 col-lg-6 order-1\"\">\r\n            <div class='MenuContent h-100 d-flex flex-column justify-content-center p-5'><div class='title pb-3' style='color:#78641c'><h2>Intolerancias<\/h2><\/div><div class='text' style='color:#1e1515'><p>El manejo de las intolerancias alimentarias requiere una cuidadosa atenci\u00f3n y cooperaci\u00f3n entre los padres, los estudiantes y el personal de nuestra escuela. Certificados M\u00e9dicos: Solicitamos a los padres\/tutores que nos faciliten un certificado m\u00e9dico de un profesional sanitario que acredite las intolerancias y alergias alimentarias diagnosticadas. Este certificado nos ayuda a comprender la gravedad de la intolerancia y gu\u00eda nuestro enfoque para garantizar el bienestar de su hijo.<\/p>\n<\/div><\/div>            <\/div>\r\n        <\/div>\r\n    <\/div>\r\n<\/div>\r\n\r\n\r\n\n\n\r\n<div id=\"MenuType-block_74e76101d29e37d2eb7c06b11d3be292\" class=\"container-fluid MenuType\">\r\n    <div class=\"container\" style='border-radius:4em 0;background-color:#edf1ff;'>\r\n        <div class=\"row align-items-end\">\r\n            <div class=\"col-12 col-lg-6 order-1 image-inside\"\">\r\n            <img loading=\"lazy\" decoding=\"async\" width=\"1024\" height=\"327\" src=\"https:\/\/thelunchcompany.es\/wp-content\/uploads\/2024\/07\/Tabla-de-precios-2024-2025-Espanol-1-1024x327.jpg\" class=\"img-fluid object-fit-cover px-5 pt-5\" alt=\"Tabla de precios 2024-2025 &#8211; Espa\u00f1ol\" longdesc=\"Tabla de precios 2024-2025 &#8211; Espa\u00f1ol https:\/\/thelunchcompany.es\/wp-content\/uploads\/2024\/07\/Tabla-de-precios-2024-2025-Espanol-1.jpg\" srcset=\"https:\/\/thelunchcompany.es\/wp-content\/uploads\/2024\/07\/Tabla-de-precios-2024-2025-Espanol-1-1024x327.jpg 1024w, https:\/\/thelunchcompany.es\/wp-content\/uploads\/2024\/07\/Tabla-de-precios-2024-2025-Espanol-1-300x96.jpg 300w, https:\/\/thelunchcompany.es\/wp-content\/uploads\/2024\/07\/Tabla-de-precios-2024-2025-Espanol-1-768x245.jpg 768w, https:\/\/thelunchcompany.es\/wp-content\/uploads\/2024\/07\/Tabla-de-precios-2024-2025-Espanol-1.jpg 1345w\" sizes=\"auto, (max-width: 1024px) 100vw, 1024px\" \/>            <\/div>\r\n            <div class=\"col-12 col-lg-6 order-2\"\">\r\n            <div class='MenuContent h-100 d-flex flex-column justify-content-center p-5'><div class='title pb-3' style='color:#3a65ff'><h2>Precios 2025-2026<\/h2><\/div><div class='text' style='color:#1e1515'><p>Para m\u00e1s informaci\u00f3n y registro, por favor, accedan al \u00e1rea de &#8220;Padres&#8221;<\/p>\n<\/div><\/div>            <\/div>\r\n        <\/div>\r\n    <\/div>\r\n<\/div>\r\n\r\n\r\n\n\n\n","protected":false},"excerpt":{"rendered":"","protected":false},"author":3,"featured_media":0,"parent":0,"menu_order":0,"comment_status":"closed","ping_status":"closed","template":"","meta":{"_acf_changed":false,"_genesis_hide_title":false,"_genesis_hide_breadcrumbs":false,"_genesis_hide_singular_image":false,"_genesis_hide_footer_widgets":false,"_genesis_custom_body_class":"","_genesis_custom_post_class":"","_genesis_layout":"","footnotes":""},"class_list":{"0":"post-762","1":"page","2":"type-page","3":"status-publish","5":"entry"},"acf":[],"_links":{"self":[{"href":"https:\/\/thelunchcompany.es\/es\/wp-json\/wp\/v2\/pages\/762","targetHints":{"allow":["GET"]}}],"collection":[{"href":"https:\/\/thelunchcompany.es\/es\/wp-json\/wp\/v2\/pages"}],"about":[{"href":"https:\/\/thelunchcompany.es\/es\/wp-json\/wp\/v2\/types\/page"}],"author":[{"embeddable":true,"href":"https:\/\/thelunchcompany.es\/es\/wp-json\/wp\/v2\/users\/3"}],"replies":[{"embeddable":true,"href":"https:\/\/thelunchcompany.es\/es\/wp-json\/wp\/v2\/comments?post=762"}],"version-history":[{"count":28,"href":"https:\/\/thelunchcompany.es\/es\/wp-json\/wp\/v2\/pages\/762\/revisions"}],"predecessor-version":[{"id":8753,"href":"https:\/\/thelunchcompany.es\/es\/wp-json\/wp\/v2\/pages\/762\/revisions\/8753"}],"wp:attachment":[{"href":"https:\/\/thelunchcompany.es\/es\/wp-json\/wp\/v2\/media?parent=762"}],"curies":[{"name":"wp","href":"https:\/\/api.w.org\/{rel}","templated":true}]}}