{"id":752,"date":"2023-04-19T15:26:44","date_gmt":"2023-04-19T13:26:44","guid":{"rendered":"https:\/\/thelunchcompany.es\/?page_id=752"},"modified":"2023-11-19T11:01:07","modified_gmt":"2023-11-19T10:01:07","slug":"que-hacemos","status":"publish","type":"page","link":"https:\/\/thelunchcompany.es\/es\/que-hacemos\/","title":{"rendered":"Que hacemos"},"content":{"rendered":"\n\n\n\r\n<div id=\"ImageText-block_70a93824d6beb3d4e8ae1e18db6a84f2\" class=\"container-fluid ImageText\" style='color:#1e1515'>\r\n    <div class=\"container\" style='border-radius:0 4em;background-color:#fae5d1;'>\r\n        <div class=\"row\">\r\n            <div class=\"col-12 col-lg-6 order-2\">\r\n                <img loading=\"lazy\" decoding=\"async\" width=\"904\" height=\"914\" src=\"https:\/\/thelunchcompany.es\/wp-content\/uploads\/2023\/11\/Pasta-salad.jpg\" class=\"img-fluid object-fit-cover p-5\" alt=\"Pasta salad\" title=\"Pasta salad\" longdesc=\"Pasta salad https:\/\/thelunchcompany.es\/wp-content\/uploads\/2023\/11\/Pasta-salad.jpg\" srcset=\"https:\/\/thelunchcompany.es\/wp-content\/uploads\/2023\/11\/Pasta-salad.jpg 904w, https:\/\/thelunchcompany.es\/wp-content\/uploads\/2023\/11\/Pasta-salad-297x300.jpg 297w, https:\/\/thelunchcompany.es\/wp-content\/uploads\/2023\/11\/Pasta-salad-768x776.jpg 768w, https:\/\/thelunchcompany.es\/wp-content\/uploads\/2023\/11\/Pasta-salad-75x75.jpg 75w\" sizes=\"auto, (max-width: 904px) 100vw, 904px\" \/>            <\/div>\r\n            <div class=\"col-12 col-lg-6 order-1 pt-4\">\r\n                <div class='ImageContent h-100 d-flex flex-column justify-content-center p-5'><div class='title pb-3'><h2>Las comidas est\u00e1n pensadas para los ni\u00f1os.<\/h2><\/div><div class='text'><p>Hacemos un gran esfuerzo para que todos los almuerzos sean lo m\u00e1s acogedores y atractivos posible para los ni\u00f1os. Nuestra comida se sirve en forma de buf\u00e9, para que cada alumno pueda elegir lo que quiere en su plato. Siempre les animamos a probar nuevos tipos de comida, pero no les obligamos a tomarla.<\/p>\n<p>Cuando se suscriba, se le pedir\u00e1 que elija entre la opci\u00f3n mensual o diaria.<\/p>\n<p>Todos los viernes seguimos preparando pizza para los alumnos del AIS, y a partir del pr\u00f3ximo curso los alumnos podr\u00e1n comprar pizza directamente en el comedor.<\/p>\n<p>Nos gustar\u00eda que supieras que trabajamos bajo la estricta supervisi\u00f3n de Sanidad, y que todo lo que hacemos y elaboramos est\u00e1 aprobado por ellos, desde la preparaci\u00f3n del men\u00fa mensual, las recetas y la cocina, hasta los proveedores y la limpieza. Tambi\u00e9n recibimos visitas sin previo aviso del departamento de sanidad para una supervisi\u00f3n extra.<\/p>\n<p>Un laboratorio externo nos ayuda a asegurarnos de que siempre estamos al d\u00eda en todo el papeleo que exige el inspector de sanidad, incluidas las pruebas de los alimentos, las inspecciones de los equipos y el control de plagas.<\/p>\n<\/div><\/div>            <\/div>\r\n            <\/div>\r\n        <\/div>\r\n<\/div>\r\n\r\n\r\n\n\n\n","protected":false},"excerpt":{"rendered":"","protected":false},"author":3,"featured_media":0,"parent":0,"menu_order":0,"comment_status":"closed","ping_status":"closed","template":"","meta":{"_acf_changed":false,"_genesis_hide_title":false,"_genesis_hide_breadcrumbs":false,"_genesis_hide_singular_image":false,"_genesis_hide_footer_widgets":false,"_genesis_custom_body_class":"","_genesis_custom_post_class":"","_genesis_layout":"","footnotes":""},"class_list":{"0":"post-752","1":"page","2":"type-page","3":"status-publish","5":"entry"},"acf":[],"_links":{"self":[{"href":"https:\/\/thelunchcompany.es\/es\/wp-json\/wp\/v2\/pages\/752","targetHints":{"allow":["GET"]}}],"collection":[{"href":"https:\/\/thelunchcompany.es\/es\/wp-json\/wp\/v2\/pages"}],"about":[{"href":"https:\/\/thelunchcompany.es\/es\/wp-json\/wp\/v2\/types\/page"}],"author":[{"embeddable":true,"href":"https:\/\/thelunchcompany.es\/es\/wp-json\/wp\/v2\/users\/3"}],"replies":[{"embeddable":true,"href":"https:\/\/thelunchcompany.es\/es\/wp-json\/wp\/v2\/comments?post=752"}],"version-history":[{"count":9,"href":"https:\/\/thelunchcompany.es\/es\/wp-json\/wp\/v2\/pages\/752\/revisions"}],"predecessor-version":[{"id":2326,"href":"https:\/\/thelunchcompany.es\/es\/wp-json\/wp\/v2\/pages\/752\/revisions\/2326"}],"wp:attachment":[{"href":"https:\/\/thelunchcompany.es\/es\/wp-json\/wp\/v2\/media?parent=752"}],"curies":[{"name":"wp","href":"https:\/\/api.w.org\/{rel}","templated":true}]}}