{"id":697,"date":"2023-04-19T15:26:05","date_gmt":"2023-04-19T13:26:05","guid":{"rendered":"https:\/\/thelunchcompany.es\/?page_id=697"},"modified":"2023-06-04T17:50:54","modified_gmt":"2023-06-04T15:50:54","slug":"sobre-nosotros","status":"publish","type":"page","link":"https:\/\/thelunchcompany.es\/es\/sobre-nosotros\/","title":{"rendered":"Sobre nosotros"},"content":{"rendered":"\n\n\n\r\n<div id=\"ImageText-block_59c5ae10a4f1c212c90365a5c8e316bd\" class=\"container-fluid ImageText\" style='color:#1e1515'>\r\n    <div class=\"container\" style='border-radius:4em 0;background-color:#dfefd7;'>\r\n        <div class=\"row\">\r\n            <div class=\"col-12 col-lg-6 order-1\">\r\n                <img loading=\"lazy\" decoding=\"async\" width=\"904\" height=\"914\" src=\"https:\/\/thelunchcompany.es\/wp-content\/uploads\/2023\/06\/Pizza-2.png\" class=\"img-fluid object-fit-cover p-5\" alt=\"Pizza 2\" title=\"Pizza 2\" longdesc=\"Pizza 2 https:\/\/thelunchcompany.es\/wp-content\/uploads\/2023\/06\/Pizza-2.png\" srcset=\"https:\/\/thelunchcompany.es\/wp-content\/uploads\/2023\/06\/Pizza-2.png 904w, https:\/\/thelunchcompany.es\/wp-content\/uploads\/2023\/06\/Pizza-2-297x300.png 297w, https:\/\/thelunchcompany.es\/wp-content\/uploads\/2023\/06\/Pizza-2-768x776.png 768w, https:\/\/thelunchcompany.es\/wp-content\/uploads\/2023\/06\/Pizza-2-75x75.png 75w\" sizes=\"auto, (max-width: 904px) 100vw, 904px\" \/>            <\/div>\r\n            <div class=\"col-12 col-lg-6 order-2\">\r\n                <div class='ImageContent h-100 d-flex flex-column justify-content-center p-5'><div class='title pb-3'><h2>Todos los d\u00edas se sirven en la escuela comidas vegetarianas con ingredientes frescos.<\/h2><\/div><div class='text'><p>No somos el t\u00edpico servicio de catering que puedes conocer de otras escuelas. La comida que ofrecemos es vegetariana, casera y cocinada con ingredientes frescos cada d\u00eda en la escuela.<\/p>\n<p>El men\u00fa que creamos est\u00e1 inspirado en la cocina espa\u00f1ola e internacional.<\/p>\n<p>Nuestro principal objetivo es que esta \u00fanica comida que tus hijos hacen fuera de casa, sea sana, casera y saludable. Tambi\u00e9n ofrecemos comida sin gluten y sin lactosa para aquellos con restricciones diet\u00e9ticas.<\/p>\n<p>Certificados M\u00e9dicos: Solicitamos a los padres\/tutores que nos faciliten un certificado m\u00e9dico de un profesional sanitario que acredite las intolerancias y alergias alimentarias diagnosticadas. Este certificado nos ayuda a comprender la gravedad de la intolerancia y gu\u00eda nuestro enfoque para garantizar el bienestar de su hijo.<\/p>\n<p>En nombre del equipo de cocina del AIS.<br \/>\nDitte Klinksgaard Iribas<br \/>\nThe Lunch Company.<\/p>\n<\/div><\/div>            <\/div>\r\n            <\/div>\r\n        <\/div>\r\n<\/div>\r\n\r\n\r\n\n\n\n","protected":false},"excerpt":{"rendered":"","protected":false},"author":3,"featured_media":0,"parent":0,"menu_order":0,"comment_status":"closed","ping_status":"closed","template":"","meta":{"_acf_changed":false,"_genesis_hide_title":false,"_genesis_hide_breadcrumbs":false,"_genesis_hide_singular_image":false,"_genesis_hide_footer_widgets":false,"_genesis_custom_body_class":"","_genesis_custom_post_class":"","_genesis_layout":"","footnotes":""},"class_list":{"0":"post-697","1":"page","2":"type-page","3":"status-publish","5":"entry"},"acf":[],"_links":{"self":[{"href":"https:\/\/thelunchcompany.es\/es\/wp-json\/wp\/v2\/pages\/697","targetHints":{"allow":["GET"]}}],"collection":[{"href":"https:\/\/thelunchcompany.es\/es\/wp-json\/wp\/v2\/pages"}],"about":[{"href":"https:\/\/thelunchcompany.es\/es\/wp-json\/wp\/v2\/types\/page"}],"author":[{"embeddable":true,"href":"https:\/\/thelunchcompany.es\/es\/wp-json\/wp\/v2\/users\/3"}],"replies":[{"embeddable":true,"href":"https:\/\/thelunchcompany.es\/es\/wp-json\/wp\/v2\/comments?post=697"}],"version-history":[{"count":10,"href":"https:\/\/thelunchcompany.es\/es\/wp-json\/wp\/v2\/pages\/697\/revisions"}],"predecessor-version":[{"id":1078,"href":"https:\/\/thelunchcompany.es\/es\/wp-json\/wp\/v2\/pages\/697\/revisions\/1078"}],"wp:attachment":[{"href":"https:\/\/thelunchcompany.es\/es\/wp-json\/wp\/v2\/media?parent=697"}],"curies":[{"name":"wp","href":"https:\/\/api.w.org\/{rel}","templated":true}]}}