{"id":689,"date":"2023-04-19T13:13:00","date_gmt":"2023-04-19T11:13:00","guid":{"rendered":"https:\/\/thelunchcompany.es\/?page_id=689"},"modified":"2026-04-06T10:50:55","modified_gmt":"2026-04-06T08:50:55","slug":"inicio","status":"publish","type":"page","link":"https:\/\/thelunchcompany.es\/es\/","title":{"rendered":"Inicio"},"content":{"rendered":"\n\n\n\r\n<div id=\"Banner-block_1e98dd70da0b4d7d2695c813e585a0ee\" class=\"Banner\" style=\"background-color: #E7E0EB;color:#764fb5\">\r\n            <div class=\"container\">\r\n            <div class=\"row justify-content-center\">\r\n                <div class=\"col-lg-10 col-12\">\r\n                    <div class=\"featured p-4 text-center\"><h2>Proporcionamos comidas sanas y equilibradas para sus hijos con nuestros men\u00fas personalizados<\/h2>\n<\/div>\r\n            <\/div>\r\n            <\/div>\r\n            <\/div>\r\n<\/div>\r\n\r\n\n\n\r\n<div id=\"ImageText-block_d9b0cac3fbf4a8397f527968ab7118ab\" class=\"container-fluid ImageText\" style='color:#1e1515'>\r\n    <div class=\"container\" style='border-radius:4em 0;background-color:#dfefd7;'>\r\n        <div class=\"row\">\r\n            <div class=\"col-12 col-lg-6 order-1\">\r\n                <img loading=\"lazy\" decoding=\"async\" width=\"904\" height=\"914\" src=\"https:\/\/thelunchcompany.es\/wp-content\/uploads\/2024\/10\/The-Lunch-Company-staff.png\" class=\"img-fluid object-fit-cover p-5\" alt=\"The Lunch Company staff\" title=\"The Lunch Company staff\" longdesc=\"The Lunch Company staff https:\/\/thelunchcompany.es\/wp-content\/uploads\/2024\/10\/The-Lunch-Company-staff.png\" srcset=\"https:\/\/thelunchcompany.es\/wp-content\/uploads\/2024\/10\/The-Lunch-Company-staff.png 904w, https:\/\/thelunchcompany.es\/wp-content\/uploads\/2024\/10\/The-Lunch-Company-staff-297x300.png 297w, https:\/\/thelunchcompany.es\/wp-content\/uploads\/2024\/10\/The-Lunch-Company-staff-768x776.png 768w, https:\/\/thelunchcompany.es\/wp-content\/uploads\/2024\/10\/The-Lunch-Company-staff-75x75.png 75w\" sizes=\"auto, (max-width: 904px) 100vw, 904px\" \/>            <\/div>\r\n            <div class=\"col-12 col-lg-6 order-2\">\r\n                <div class='ImageContent h-100 d-flex flex-column justify-content-center p-5'><div class='title pb-3'><h2>Comida vegetariana todos los d\u00edas, 60% org\u00e1nica.<\/h2><\/div><div class='text'><p>Esperamos que esta introducci\u00f3n a los vegetales org\u00e1nicos sea bien recibida y podamos incrementar al 100% en este a\u00f1o.<\/p>\n<p>En nuestra escuela servimos todos los d\u00edas comida vegetariana elaborada con ingredientes frescos y de alta calidad. Nuestros chefs hacen un esfuerzo adicional para garantizar que cada comida se cocine desde cero, brindando a nuestros estudiantes la comida m\u00e1s nutritiva y deliciosa posible.<\/p>\n<p>Estamos muy orgullosos de nuestro compromiso de servir comidas vegetarianas, ya que promueve una mayor salud y sostenibilidad para nuestros estudiantes y nuestro planeta. Creemos que el acceso a alimentos saludables y vegetarianos debe estar disponible para todos, y es por eso que nos aseguramos de que se sirva diariamente en nuestra escuela.<\/p>\n<\/div><\/div>            <\/div>\r\n            <\/div>\r\n        <\/div>\r\n<\/div>\r\n\r\n\r\n\n\n\r\n<div id=\"ImageText-block_6bbb7fab0785ecafe0e961efc39cde27\" class=\"container-fluid ImageText\" style='color:#1e1515'>\r\n    <div class=\"container\" style='border-radius:0 4em;background-color:#fae5d1;'>\r\n        <div class=\"row\">\r\n            <div class=\"col-12 col-lg-6 order-2\">\r\n                <img loading=\"lazy\" decoding=\"async\" width=\"904\" height=\"914\" src=\"https:\/\/thelunchcompany.es\/wp-content\/uploads\/2023\/06\/Tomates.png\" class=\"img-fluid object-fit-cover p-5\" alt=\"Tomates\" title=\"Tomates\" longdesc=\"Tomates https:\/\/thelunchcompany.es\/wp-content\/uploads\/2023\/06\/Tomates.png\" srcset=\"https:\/\/thelunchcompany.es\/wp-content\/uploads\/2023\/06\/Tomates.png 904w, https:\/\/thelunchcompany.es\/wp-content\/uploads\/2023\/06\/Tomates-297x300.png 297w, https:\/\/thelunchcompany.es\/wp-content\/uploads\/2023\/06\/Tomates-768x776.png 768w, https:\/\/thelunchcompany.es\/wp-content\/uploads\/2023\/06\/Tomates-75x75.png 75w\" sizes=\"auto, (max-width: 904px) 100vw, 904px\" \/>            <\/div>\r\n            <div class=\"col-12 col-lg-6 order-1 pt-4\">\r\n                <div class='ImageContent h-100 d-flex flex-column justify-content-center p-5'><div class='title pb-3'><h2>Los men\u00fas infantiles son nuestra especialidad.<\/h2><\/div><div class='text'><p>En \u201cThe Lunch Company\u201d, priorizamos el bienestar y la alimentaci\u00f3n de nuestros j\u00f3venes estudiantes. Creemos que los h\u00e1bitos alimenticios saludables son esenciales para su crecimiento, desarrollo y \u00e9xito acad\u00e9mico.<\/p>\n<p>Nuestro men\u00fa ha sido cuidadosamente seleccionado para ofrecer una variedad de opciones nutritivas y deliciosas que atraer\u00e1n incluso a los comensales m\u00e1s exigentes. Cada comida est\u00e1 dise\u00f1ada para proporcionar un equilibrio de nutrientes esenciales, promoviendo la salud general y asegurando energ\u00eda sostenida durante todo el d\u00eda.<\/p>\n<\/div><\/div>            <\/div>\r\n            <\/div>\r\n        <\/div>\r\n<\/div>\r\n\r\n\r\n\n\n\n","protected":false},"excerpt":{"rendered":"","protected":false},"author":3,"featured_media":0,"parent":0,"menu_order":0,"comment_status":"closed","ping_status":"closed","template":"","meta":{"_acf_changed":false,"_genesis_hide_title":false,"_genesis_hide_breadcrumbs":false,"_genesis_hide_singular_image":false,"_genesis_hide_footer_widgets":false,"_genesis_custom_body_class":"","_genesis_custom_post_class":"","_genesis_layout":"","footnotes":""},"class_list":{"0":"post-689","1":"page","2":"type-page","3":"status-publish","5":"entry"},"acf":[],"_links":{"self":[{"href":"https:\/\/thelunchcompany.es\/es\/wp-json\/wp\/v2\/pages\/689","targetHints":{"allow":["GET"]}}],"collection":[{"href":"https:\/\/thelunchcompany.es\/es\/wp-json\/wp\/v2\/pages"}],"about":[{"href":"https:\/\/thelunchcompany.es\/es\/wp-json\/wp\/v2\/types\/page"}],"author":[{"embeddable":true,"href":"https:\/\/thelunchcompany.es\/es\/wp-json\/wp\/v2\/users\/3"}],"replies":[{"embeddable":true,"href":"https:\/\/thelunchcompany.es\/es\/wp-json\/wp\/v2\/comments?post=689"}],"version-history":[{"count":23,"href":"https:\/\/thelunchcompany.es\/es\/wp-json\/wp\/v2\/pages\/689\/revisions"}],"predecessor-version":[{"id":10649,"href":"https:\/\/thelunchcompany.es\/es\/wp-json\/wp\/v2\/pages\/689\/revisions\/10649"}],"wp:attachment":[{"href":"https:\/\/thelunchcompany.es\/es\/wp-json\/wp\/v2\/media?parent=689"}],"curies":[{"name":"wp","href":"https:\/\/api.w.org\/{rel}","templated":true}]}}