{"id":1017,"date":"2023-05-11T11:20:07","date_gmt":"2023-05-11T09:20:07","guid":{"rendered":"https:\/\/thelunchcompany.es\/activar\/"},"modified":"2023-05-19T10:17:56","modified_gmt":"2023-05-19T08:17:56","slug":"activar","status":"publish","type":"page","link":"https:\/\/thelunchcompany.es\/es\/activar\/","title":{"rendered":"Activar"},"content":{"rendered":"\n<p>Gracias por activar su cuenta. S\u00f3lo falta que el administrador confirme su inscripci\u00f3n.<\/p>\n\n<p>Recibir\u00e1s un correo electr\u00f3nico cuando lo haga.<\/p>\n","protected":false},"excerpt":{"rendered":"<p>Gracias por activar su cuenta. S\u00f3lo falta que el administrador confirme su inscripci\u00f3n. Recibir\u00e1s un correo electr\u00f3nico cuando lo haga.<\/p>\n","protected":false},"author":3,"featured_media":0,"parent":0,"menu_order":0,"comment_status":"closed","ping_status":"closed","template":"page-templates\/pageActivator.php","meta":{"_acf_changed":false,"_genesis_hide_title":false,"_genesis_hide_breadcrumbs":false,"_genesis_hide_singular_image":false,"_genesis_hide_footer_widgets":false,"_genesis_custom_body_class":"","_genesis_custom_post_class":"","_genesis_layout":"","footnotes":""},"class_list":{"0":"post-1017","1":"page","2":"type-page","3":"status-publish","5":"entry"},"acf":[],"_links":{"self":[{"href":"https:\/\/thelunchcompany.es\/es\/wp-json\/wp\/v2\/pages\/1017","targetHints":{"allow":["GET"]}}],"collection":[{"href":"https:\/\/thelunchcompany.es\/es\/wp-json\/wp\/v2\/pages"}],"about":[{"href":"https:\/\/thelunchcompany.es\/es\/wp-json\/wp\/v2\/types\/page"}],"author":[{"embeddable":true,"href":"https:\/\/thelunchcompany.es\/es\/wp-json\/wp\/v2\/users\/3"}],"replies":[{"embeddable":true,"href":"https:\/\/thelunchcompany.es\/es\/wp-json\/wp\/v2\/comments?post=1017"}],"version-history":[{"count":1,"href":"https:\/\/thelunchcompany.es\/es\/wp-json\/wp\/v2\/pages\/1017\/revisions"}],"predecessor-version":[{"id":1019,"href":"https:\/\/thelunchcompany.es\/es\/wp-json\/wp\/v2\/pages\/1017\/revisions\/1019"}],"wp:attachment":[{"href":"https:\/\/thelunchcompany.es\/es\/wp-json\/wp\/v2\/media?parent=1017"}],"curies":[{"name":"wp","href":"https:\/\/api.w.org\/{rel}","templated":true}]}}